{"id":1623,"date":"2024-10-30T14:51:28","date_gmt":"2024-10-30T14:51:28","guid":{"rendered":"https:\/\/erport.com.tr\/?page_id=1623"},"modified":"2024-11-18T11:16:28","modified_gmt":"2024-11-18T11:16:28","slug":"serbest-depolama","status":"publish","type":"page","link":"https:\/\/erport.com.tr\/en\/serbest-depolama\/","title":{"rendered":"Free Storage"},"content":{"rendered":"<div data-elementor-type=\"wp-page\" data-elementor-id=\"1623\" class=\"elementor elementor-1623\">\n\t\t\t\t<div class=\"elementor-element elementor-element-01238ae e-flex e-con-boxed elementor-invisible e-con e-parent\" data-id=\"01238ae\" data-element_type=\"container\" data-e-type=\"container\" data-settings=\"{&quot;animation&quot;:&quot;bounceIn&quot;}\">\n\t\t\t\t\t<div class=\"e-con-inner\">\n\t\t<div class=\"elementor-element elementor-element-0cf4aee e-con-full e-flex e-con e-child\" data-id=\"0cf4aee\" data-element_type=\"container\" data-e-type=\"container\">\n\t\t\t\t<div class=\"elementor-element elementor-element-99d2aed elementor-widget elementor-widget-text-editor\" data-id=\"99d2aed\" data-element_type=\"widget\" data-e-type=\"widget\" data-widget_type=\"text-editor.default\">\n\t\t\t\t<div class=\"elementor-widget-container\">\n\t\t\t\t\t\t\t\t\t<p>We optimize your inventory management processes with the free storage services we offer in our modern storage facilities. Thanks to our storage areas of different sizes, we offer flexible solutions to seasonal fluctuations and your changing needs.<\/p><p>With our advanced warehouse management system (WMS), you can track your stock movements in real time and get detailed reports. Thanks to our RFID and barcode systems, product entries and exits are carried out accurately and quickly.<\/p>\t\t\t\t\t\t\t\t<\/div>\n\t\t\t\t<\/div>\n\t\t\t\t<\/div>\n\t\t<div class=\"elementor-element elementor-element-0e231c0 e-con-full e-flex e-con e-child\" data-id=\"0e231c0\" data-element_type=\"container\" data-e-type=\"container\">\n\t\t\t\t<div class=\"elementor-element elementor-element-c542a01 elementor-widget elementor-widget-image\" data-id=\"c542a01\" data-element_type=\"widget\" data-e-type=\"widget\" data-widget_type=\"image.default\">\n\t\t\t\t<div class=\"elementor-widget-container\">\n\t\t\t\t\t\t\t\t\t\t\t\t\t\t\t\t<a href=\"https:\/\/erport.com.tr\/wp-content\/uploads\/2024\/11\/erport-antrepo-serbest-depolama-9.jpeg\" data-elementor-open-lightbox=\"yes\" data-elementor-lightbox-title=\"erport-antrepo-serbest-depolama (9)\" data-e-action-hash=\"#elementor-action%3Aaction%3Dlightbox%26settings%3DeyJpZCI6MTg1NSwidXJsIjoiaHR0cHM6XC9cL2VycG9ydC5jb20udHJcL3dwLWNvbnRlbnRcL3VwbG9hZHNcLzIwMjRcLzExXC9lcnBvcnQtYW50cmVwby1zZXJiZXN0LWRlcG9sYW1hLTkuanBlZyJ9\">\n\t\t\t\t\t\t\t<img fetchpriority=\"high\" decoding=\"async\" width=\"1600\" height=\"1066\" src=\"https:\/\/erport.com.tr\/wp-content\/uploads\/2024\/11\/erport-antrepo-serbest-depolama-9.jpeg\" class=\"attachment-full size-full wp-image-1855\" alt=\"\" srcset=\"https:\/\/erport.com.tr\/wp-content\/uploads\/2024\/11\/erport-antrepo-serbest-depolama-9.jpeg 1600w, https:\/\/erport.com.tr\/wp-content\/uploads\/2024\/11\/erport-antrepo-serbest-depolama-9-300x200.jpeg 300w, https:\/\/erport.com.tr\/wp-content\/uploads\/2024\/11\/erport-antrepo-serbest-depolama-9-1024x682.jpeg 1024w, https:\/\/erport.com.tr\/wp-content\/uploads\/2024\/11\/erport-antrepo-serbest-depolama-9-768x512.jpeg 768w, https:\/\/erport.com.tr\/wp-content\/uploads\/2024\/11\/erport-antrepo-serbest-depolama-9-1536x1023.jpeg 1536w, https:\/\/erport.com.tr\/wp-content\/uploads\/2024\/11\/erport-antrepo-serbest-depolama-9-18x12.jpeg 18w\" sizes=\"(max-width: 1600px) 100vw, 1600px\" \/>\t\t\t\t\t\t\t\t<\/a>\n\t\t\t\t\t\t\t\t\t\t\t\t\t\t\t<\/div>\n\t\t\t\t<\/div>\n\t\t\t\t<\/div>\n\t\t\t\t\t<\/div>\n\t\t\t\t<\/div>\n\t\t<div class=\"elementor-element elementor-element-f29668d e-flex e-con-boxed elementor-invisible e-con e-parent\" data-id=\"f29668d\" data-element_type=\"container\" data-e-type=\"container\" data-settings=\"{&quot;animation&quot;:&quot;bounceIn&quot;}\">\n\t\t\t\t\t<div class=\"e-con-inner\">\n\t\t<div class=\"elementor-element elementor-element-0e9f390 e-con-full e-flex e-con e-child\" data-id=\"0e9f390\" data-element_type=\"container\" data-e-type=\"container\">\n\t\t\t\t<div class=\"elementor-element elementor-element-3d2a8b7 elementor-widget elementor-widget-image\" data-id=\"3d2a8b7\" data-element_type=\"widget\" data-e-type=\"widget\" data-widget_type=\"image.default\">\n\t\t\t\t<div class=\"elementor-widget-container\">\n\t\t\t\t\t\t\t\t\t\t\t\t\t\t\t\t<a href=\"https:\/\/erport.com.tr\/wp-content\/uploads\/2024\/11\/erport-antrepo-serbest-depolama-8.jpeg\" data-elementor-open-lightbox=\"yes\" data-elementor-lightbox-title=\"erport-antrepo-serbest-depolama (8)\" data-e-action-hash=\"#elementor-action%3Aaction%3Dlightbox%26settings%3DeyJpZCI6MTg1NCwidXJsIjoiaHR0cHM6XC9cL2VycG9ydC5jb20udHJcL3dwLWNvbnRlbnRcL3VwbG9hZHNcLzIwMjRcLzExXC9lcnBvcnQtYW50cmVwby1zZXJiZXN0LWRlcG9sYW1hLTguanBlZyJ9\">\n\t\t\t\t\t\t\t<img decoding=\"async\" width=\"1600\" height=\"1066\" src=\"https:\/\/erport.com.tr\/wp-content\/uploads\/2024\/11\/erport-antrepo-serbest-depolama-8.jpeg\" class=\"attachment-full size-full wp-image-1854\" alt=\"\" srcset=\"https:\/\/erport.com.tr\/wp-content\/uploads\/2024\/11\/erport-antrepo-serbest-depolama-8.jpeg 1600w, https:\/\/erport.com.tr\/wp-content\/uploads\/2024\/11\/erport-antrepo-serbest-depolama-8-300x200.jpeg 300w, https:\/\/erport.com.tr\/wp-content\/uploads\/2024\/11\/erport-antrepo-serbest-depolama-8-1024x682.jpeg 1024w, https:\/\/erport.com.tr\/wp-content\/uploads\/2024\/11\/erport-antrepo-serbest-depolama-8-768x512.jpeg 768w, https:\/\/erport.com.tr\/wp-content\/uploads\/2024\/11\/erport-antrepo-serbest-depolama-8-1536x1023.jpeg 1536w, https:\/\/erport.com.tr\/wp-content\/uploads\/2024\/11\/erport-antrepo-serbest-depolama-8-18x12.jpeg 18w\" sizes=\"(max-width: 1600px) 100vw, 1600px\" \/>\t\t\t\t\t\t\t\t<\/a>\n\t\t\t\t\t\t\t\t\t\t\t\t\t\t\t<\/div>\n\t\t\t\t<\/div>\n\t\t\t\t<\/div>\n\t\t<div class=\"elementor-element elementor-element-7d20f70 e-con-full e-flex e-con e-child\" data-id=\"7d20f70\" data-element_type=\"container\" data-e-type=\"container\">\n\t\t\t\t<div class=\"elementor-element elementor-element-6af95f0 elementor-widget elementor-widget-text-editor\" data-id=\"6af95f0\" data-element_type=\"widget\" data-e-type=\"widget\" data-widget_type=\"text-editor.default\">\n\t\t\t\t<div class=\"elementor-widget-container\">\n\t\t\t\t\t\t\t\t\t<p>You can manage your supply chain processes from a single point with our value-added services such as packaging, labeling, kitting and quality control. With our cross-docking service, we transfer your transit loads with minimum waiting time.<\/p><p>With our high-ceilinged warehouses, large maneuvering spaces and modern equipment, we guarantee an efficient operation process. Thanks to our air conditioning systems, we provide an ideal environment for your products that require special storage conditions.<\/p>\t\t\t\t\t\t\t\t<\/div>\n\t\t\t\t<\/div>\n\t\t\t\t<\/div>\n\t\t\t\t\t<\/div>\n\t\t\t\t<\/div>\n\t\t<div class=\"elementor-element elementor-element-0dcc1ed e-flex e-con-boxed elementor-invisible e-con e-parent\" data-id=\"0dcc1ed\" data-element_type=\"container\" data-e-type=\"container\" data-settings=\"{&quot;animation&quot;:&quot;bounceIn&quot;}\">\n\t\t\t\t\t<div class=\"e-con-inner\">\n\t\t<div class=\"elementor-element elementor-element-c1a733a e-con-full e-flex e-con e-child\" data-id=\"c1a733a\" data-element_type=\"container\" data-e-type=\"container\">\n\t\t\t\t<div class=\"elementor-element elementor-element-433c422 elementor-widget elementor-widget-image\" data-id=\"433c422\" data-element_type=\"widget\" data-e-type=\"widget\" data-widget_type=\"image.default\">\n\t\t\t\t<div class=\"elementor-widget-container\">\n\t\t\t\t\t\t\t\t\t\t\t\t\t\t\t\t<a href=\"https:\/\/erport.com.tr\/wp-content\/uploads\/2024\/11\/erport-antrepo-serbest-depolama-9.jpeg\" data-elementor-open-lightbox=\"yes\" data-elementor-lightbox-title=\"erport-antrepo-serbest-depolama (9)\" data-e-action-hash=\"#elementor-action%3Aaction%3Dlightbox%26settings%3DeyJpZCI6MTg1NSwidXJsIjoiaHR0cHM6XC9cL2VycG9ydC5jb20udHJcL3dwLWNvbnRlbnRcL3VwbG9hZHNcLzIwMjRcLzExXC9lcnBvcnQtYW50cmVwby1zZXJiZXN0LWRlcG9sYW1hLTkuanBlZyJ9\">\n\t\t\t\t\t\t\t<img decoding=\"async\" width=\"1024\" height=\"682\" src=\"https:\/\/erport.com.tr\/wp-content\/uploads\/2024\/11\/erport-antrepo-serbest-depolama-9-1024x682.jpeg\" class=\"attachment-large size-large wp-image-1855\" alt=\"\" srcset=\"https:\/\/erport.com.tr\/wp-content\/uploads\/2024\/11\/erport-antrepo-serbest-depolama-9-1024x682.jpeg 1024w, https:\/\/erport.com.tr\/wp-content\/uploads\/2024\/11\/erport-antrepo-serbest-depolama-9-300x200.jpeg 300w, https:\/\/erport.com.tr\/wp-content\/uploads\/2024\/11\/erport-antrepo-serbest-depolama-9-768x512.jpeg 768w, https:\/\/erport.com.tr\/wp-content\/uploads\/2024\/11\/erport-antrepo-serbest-depolama-9-1536x1023.jpeg 1536w, https:\/\/erport.com.tr\/wp-content\/uploads\/2024\/11\/erport-antrepo-serbest-depolama-9-18x12.jpeg 18w, https:\/\/erport.com.tr\/wp-content\/uploads\/2024\/11\/erport-antrepo-serbest-depolama-9.jpeg 1600w\" sizes=\"(max-width: 1024px) 100vw, 1024px\" \/>\t\t\t\t\t\t\t\t<\/a>\n\t\t\t\t\t\t\t\t\t\t\t\t\t\t\t<\/div>\n\t\t\t\t<\/div>\n\t\t\t\t<\/div>\n\t\t<div class=\"elementor-element elementor-element-c975d60 e-con-full e-flex e-con e-child\" data-id=\"c975d60\" data-element_type=\"container\" data-e-type=\"container\">\n\t\t\t\t<div class=\"elementor-element elementor-element-4a0c2ab elementor-widget elementor-widget-image\" data-id=\"4a0c2ab\" data-element_type=\"widget\" data-e-type=\"widget\" data-widget_type=\"image.default\">\n\t\t\t\t<div class=\"elementor-widget-container\">\n\t\t\t\t\t\t\t\t\t\t\t\t\t\t\t\t<a href=\"https:\/\/erport.com.tr\/wp-content\/uploads\/2024\/11\/erport-antrepo-serbest-depolama-4.jpeg\" data-elementor-open-lightbox=\"yes\" data-elementor-lightbox-title=\"erport-antrepo-serbest-depolama (4)\" data-e-action-hash=\"#elementor-action%3Aaction%3Dlightbox%26settings%3DeyJpZCI6MTg0MSwidXJsIjoiaHR0cHM6XC9cL2VycG9ydC5jb20udHJcL3dwLWNvbnRlbnRcL3VwbG9hZHNcLzIwMjRcLzExXC9lcnBvcnQtYW50cmVwby1zZXJiZXN0LWRlcG9sYW1hLTQuanBlZyJ9\">\n\t\t\t\t\t\t\t<img loading=\"lazy\" decoding=\"async\" width=\"1599\" height=\"900\" src=\"https:\/\/erport.com.tr\/wp-content\/uploads\/2024\/11\/erport-antrepo-serbest-depolama-4.jpeg\" class=\"attachment-full size-full wp-image-1841\" alt=\"\" srcset=\"https:\/\/erport.com.tr\/wp-content\/uploads\/2024\/11\/erport-antrepo-serbest-depolama-4.jpeg 1599w, https:\/\/erport.com.tr\/wp-content\/uploads\/2024\/11\/erport-antrepo-serbest-depolama-4-300x169.jpeg 300w, https:\/\/erport.com.tr\/wp-content\/uploads\/2024\/11\/erport-antrepo-serbest-depolama-4-1024x576.jpeg 1024w, https:\/\/erport.com.tr\/wp-content\/uploads\/2024\/11\/erport-antrepo-serbest-depolama-4-768x432.jpeg 768w, https:\/\/erport.com.tr\/wp-content\/uploads\/2024\/11\/erport-antrepo-serbest-depolama-4-1536x865.jpeg 1536w, https:\/\/erport.com.tr\/wp-content\/uploads\/2024\/11\/erport-antrepo-serbest-depolama-4-18x10.jpeg 18w\" sizes=\"(max-width: 1599px) 100vw, 1599px\" \/>\t\t\t\t\t\t\t\t<\/a>\n\t\t\t\t\t\t\t\t\t\t\t\t\t\t\t<\/div>\n\t\t\t\t<\/div>\n\t\t\t\t<\/div>\n\t\t\t\t\t<\/div>\n\t\t\t\t<\/div>\n\t\t\t\t<\/div>","protected":false},"excerpt":{"rendered":"<p>Modern depolama tesislerimizde sundu\u011fumuz serbest depolama hizmetleri ile stok y\u00f6netimi s\u00fcre\u00e7lerinizi optimize ediyoruz. Farkl\u0131 boyutlardaki depolama alanlar\u0131m\u0131z sayesinde mevsimsel dalgalanmalara ve de\u011fi\u015fen ihtiya\u00e7lar\u0131n\u0131za esnek \u00e7\u00f6z\u00fcmler sunuyoruz. \u0130leri d\u00fczey depo y\u00f6netim sistemimiz (WMS) ile stok hareketlerinizi ger\u00e7ek zamanl\u0131 takip edebilir, detayl\u0131 raporlamalar alabilirsiniz. RFID ve barkod sistemlerimiz sayesinde \u00fcr\u00fcn giri\u015f-\u00e7\u0131k\u0131\u015flar\u0131 hatas\u0131z ve h\u0131zl\u0131 bir \u015fekilde ger\u00e7ekle\u015ftirilir. [&hellip;]<\/p>\n","protected":false},"author":1,"featured_media":0,"parent":0,"menu_order":0,"comment_status":"closed","ping_status":"closed","template":"","meta":{"footnotes":""},"class_list":["post-1623","page","type-page","status-publish","hentry"],"blocksy_meta":[],"_links":{"self":[{"href":"https:\/\/erport.com.tr\/en\/wp-json\/wp\/v2\/pages\/1623","targetHints":{"allow":["GET"]}}],"collection":[{"href":"https:\/\/erport.com.tr\/en\/wp-json\/wp\/v2\/pages"}],"about":[{"href":"https:\/\/erport.com.tr\/en\/wp-json\/wp\/v2\/types\/page"}],"author":[{"embeddable":true,"href":"https:\/\/erport.com.tr\/en\/wp-json\/wp\/v2\/users\/1"}],"replies":[{"embeddable":true,"href":"https:\/\/erport.com.tr\/en\/wp-json\/wp\/v2\/comments?post=1623"}],"version-history":[{"count":22,"href":"https:\/\/erport.com.tr\/en\/wp-json\/wp\/v2\/pages\/1623\/revisions"}],"predecessor-version":[{"id":2177,"href":"https:\/\/erport.com.tr\/en\/wp-json\/wp\/v2\/pages\/1623\/revisions\/2177"}],"wp:attachment":[{"href":"https:\/\/erport.com.tr\/en\/wp-json\/wp\/v2\/media?parent=1623"}],"curies":[{"name":"wp","href":"https:\/\/api.w.org\/{rel}","templated":true}]}}