{"id":2008,"date":"2024-11-12T12:06:44","date_gmt":"2024-11-12T12:06:44","guid":{"rendered":"https:\/\/erport.com.tr\/?page_id=2008"},"modified":"2024-11-27T08:57:42","modified_gmt":"2024-11-27T08:57:42","slug":"cozumlerimiz","status":"publish","type":"page","link":"https:\/\/erport.com.tr\/en\/cozumlerimiz\/","title":{"rendered":"Our Solutions"},"content":{"rendered":"<div data-elementor-type=\"wp-page\" data-elementor-id=\"2008\" class=\"elementor elementor-2008\">\n\t\t\t\t<div class=\"elementor-element elementor-element-ee85dc6 e-flex e-con-boxed e-con e-parent\" data-id=\"ee85dc6\" data-element_type=\"container\" data-e-type=\"container\">\n\t\t\t\t\t<div class=\"e-con-inner\">\n\t\t<div class=\"elementor-element elementor-element-03500aa e-con-full e-flex e-con e-child\" data-id=\"03500aa\" data-element_type=\"container\" data-e-type=\"container\">\n\t\t\t\t<div class=\"elementor-element elementor-element-1ab5387 elementor-widget elementor-widget-image\" data-id=\"1ab5387\" data-element_type=\"widget\" data-e-type=\"widget\" data-widget_type=\"image.default\">\n\t\t\t\t<div class=\"elementor-widget-container\">\n\t\t\t\t\t\t\t\t\t\t\t\t<figure class=\"wp-caption\">\n\t\t\t\t\t\t\t\t\t\t\t<a href=\"https:\/\/erport.com.tr\/en\/otomotiv\/\">\n\t\t\t\t\t\t\t<img fetchpriority=\"high\" decoding=\"async\" width=\"1619\" height=\"1080\" src=\"https:\/\/erport.com.tr\/wp-content\/uploads\/2024\/11\/makine.jpg\" class=\"attachment-full size-full wp-image-2041\" alt=\"\" srcset=\"https:\/\/erport.com.tr\/wp-content\/uploads\/2024\/11\/makine.jpg 1619w, https:\/\/erport.com.tr\/wp-content\/uploads\/2024\/11\/makine-300x200.jpg 300w, https:\/\/erport.com.tr\/wp-content\/uploads\/2024\/11\/makine-1024x683.jpg 1024w, https:\/\/erport.com.tr\/wp-content\/uploads\/2024\/11\/makine-768x512.jpg 768w, https:\/\/erport.com.tr\/wp-content\/uploads\/2024\/11\/makine-1536x1025.jpg 1536w, https:\/\/erport.com.tr\/wp-content\/uploads\/2024\/11\/makine-18x12.jpg 18w\" sizes=\"(max-width: 1619px) 100vw, 1619px\" \/>\t\t\t\t\t\t\t\t<\/a>\n\t\t\t\t\t\t\t\t\t\t\t<figcaption class=\"widget-image-caption wp-caption-text\">AUTOMOTIVE<\/figcaption>\n\t\t\t\t\t\t\t\t\t\t<\/figure>\n\t\t\t\t\t\t\t\t\t<\/div>\n\t\t\t\t<\/div>\n\t\t\t\t<div class=\"elementor-element elementor-element-0af89c9 elementor-widget elementor-widget-image\" data-id=\"0af89c9\" data-element_type=\"widget\" data-e-type=\"widget\" data-widget_type=\"image.default\">\n\t\t\t\t<div class=\"elementor-widget-container\">\n\t\t\t\t\t\t\t\t\t\t\t\t<figure class=\"wp-caption\">\n\t\t\t\t\t\t\t\t\t\t\t<a href=\"https:\/\/erport.com.tr\/en\/tekstil\/\">\n\t\t\t\t\t\t\t<img decoding=\"async\" width=\"1418\" height=\"915\" src=\"https:\/\/erport.com.tr\/wp-content\/uploads\/2024\/11\/tekstil-e1731424275263.jpg\" class=\"attachment-full size-full wp-image-2013\" alt=\"\" srcset=\"https:\/\/erport.com.tr\/wp-content\/uploads\/2024\/11\/tekstil-e1731424275263.jpg 1418w, https:\/\/erport.com.tr\/wp-content\/uploads\/2024\/11\/tekstil-e1731424275263-300x194.jpg 300w, https:\/\/erport.com.tr\/wp-content\/uploads\/2024\/11\/tekstil-e1731424275263-1024x661.jpg 1024w, https:\/\/erport.com.tr\/wp-content\/uploads\/2024\/11\/tekstil-e1731424275263-768x496.jpg 768w, https:\/\/erport.com.tr\/wp-content\/uploads\/2024\/11\/tekstil-e1731424275263-18x12.jpg 18w\" sizes=\"(max-width: 1418px) 100vw, 1418px\" \/>\t\t\t\t\t\t\t\t<\/a>\n\t\t\t\t\t\t\t\t\t\t\t<figcaption class=\"widget-image-caption wp-caption-text\">TEXTILE<\/figcaption>\n\t\t\t\t\t\t\t\t\t\t<\/figure>\n\t\t\t\t\t\t\t\t\t<\/div>\n\t\t\t\t<\/div>\n\t\t\t\t<\/div>\n\t\t<div class=\"elementor-element elementor-element-fa35322 e-con-full e-flex e-con e-child\" data-id=\"fa35322\" data-element_type=\"container\" data-e-type=\"container\">\n\t\t\t\t<div class=\"elementor-element elementor-element-f5005db elementor-widget elementor-widget-image\" data-id=\"f5005db\" data-element_type=\"widget\" data-e-type=\"widget\" data-widget_type=\"image.default\">\n\t\t\t\t<div class=\"elementor-widget-container\">\n\t\t\t\t\t\t\t\t\t\t\t\t<figure class=\"wp-caption\">\n\t\t\t\t\t\t\t\t\t\t\t<a href=\"https:\/\/erport.com.tr\/en\/gida\/\">\n\t\t\t\t\t\t\t<img decoding=\"async\" width=\"1618\" height=\"1080\" src=\"https:\/\/erport.com.tr\/wp-content\/uploads\/2024\/11\/gida.jpg\" class=\"attachment-full size-full wp-image-2029\" alt=\"\" srcset=\"https:\/\/erport.com.tr\/wp-content\/uploads\/2024\/11\/gida.jpg 1618w, https:\/\/erport.com.tr\/wp-content\/uploads\/2024\/11\/gida-300x200.jpg 300w, https:\/\/erport.com.tr\/wp-content\/uploads\/2024\/11\/gida-1024x684.jpg 1024w, https:\/\/erport.com.tr\/wp-content\/uploads\/2024\/11\/gida-768x513.jpg 768w, https:\/\/erport.com.tr\/wp-content\/uploads\/2024\/11\/gida-1536x1025.jpg 1536w, https:\/\/erport.com.tr\/wp-content\/uploads\/2024\/11\/gida-18x12.jpg 18w\" sizes=\"(max-width: 1618px) 100vw, 1618px\" \/>\t\t\t\t\t\t\t\t<\/a>\n\t\t\t\t\t\t\t\t\t\t\t<figcaption class=\"widget-image-caption wp-caption-text\">FOOD<\/figcaption>\n\t\t\t\t\t\t\t\t\t\t<\/figure>\n\t\t\t\t\t\t\t\t\t<\/div>\n\t\t\t\t<\/div>\n\t\t\t\t<div class=\"elementor-element elementor-element-012793d elementor-widget elementor-widget-image\" data-id=\"012793d\" data-element_type=\"widget\" data-e-type=\"widget\" data-widget_type=\"image.default\">\n\t\t\t\t<div class=\"elementor-widget-container\">\n\t\t\t\t\t\t\t\t\t\t\t\t<figure class=\"wp-caption\">\n\t\t\t\t\t\t\t\t\t\t\t<a href=\"https:\/\/erport.com.tr\/en\/kimya\/\">\n\t\t\t\t\t\t\t<img loading=\"lazy\" decoding=\"async\" width=\"1800\" height=\"1201\" src=\"https:\/\/erport.com.tr\/wp-content\/uploads\/2024\/11\/kimya-2.jpg\" class=\"attachment-full size-full wp-image-2052\" alt=\"\" srcset=\"https:\/\/erport.com.tr\/wp-content\/uploads\/2024\/11\/kimya-2.jpg 1800w, https:\/\/erport.com.tr\/wp-content\/uploads\/2024\/11\/kimya-2-300x200.jpg 300w, https:\/\/erport.com.tr\/wp-content\/uploads\/2024\/11\/kimya-2-1024x683.jpg 1024w, https:\/\/erport.com.tr\/wp-content\/uploads\/2024\/11\/kimya-2-768x512.jpg 768w, https:\/\/erport.com.tr\/wp-content\/uploads\/2024\/11\/kimya-2-1536x1025.jpg 1536w, https:\/\/erport.com.tr\/wp-content\/uploads\/2024\/11\/kimya-2-18x12.jpg 18w\" sizes=\"(max-width: 1800px) 100vw, 1800px\" \/>\t\t\t\t\t\t\t\t<\/a>\n\t\t\t\t\t\t\t\t\t\t\t<figcaption class=\"widget-image-caption wp-caption-text\">CHEMISTRY<\/figcaption>\n\t\t\t\t\t\t\t\t\t\t<\/figure>\n\t\t\t\t\t\t\t\t\t<\/div>\n\t\t\t\t<\/div>\n\t\t\t\t<\/div>\n\t\t\t\t\t<\/div>\n\t\t\t\t<\/div>\n\t\t\t\t<\/div>","protected":false},"excerpt":{"rendered":"<p>OTOMOT\u0130V TEKST\u0130L GIDA K\u0130MYA<\/p>","protected":false},"author":1,"featured_media":0,"parent":0,"menu_order":0,"comment_status":"closed","ping_status":"closed","template":"","meta":{"footnotes":""},"class_list":["post-2008","page","type-page","status-publish","hentry"],"blocksy_meta":[],"_links":{"self":[{"href":"https:\/\/erport.com.tr\/en\/wp-json\/wp\/v2\/pages\/2008","targetHints":{"allow":["GET"]}}],"collection":[{"href":"https:\/\/erport.com.tr\/en\/wp-json\/wp\/v2\/pages"}],"about":[{"href":"https:\/\/erport.com.tr\/en\/wp-json\/wp\/v2\/types\/page"}],"author":[{"embeddable":true,"href":"https:\/\/erport.com.tr\/en\/wp-json\/wp\/v2\/users\/1"}],"replies":[{"embeddable":true,"href":"https:\/\/erport.com.tr\/en\/wp-json\/wp\/v2\/comments?post=2008"}],"version-history":[{"count":7,"href":"https:\/\/erport.com.tr\/en\/wp-json\/wp\/v2\/pages\/2008\/revisions"}],"predecessor-version":[{"id":2365,"href":"https:\/\/erport.com.tr\/en\/wp-json\/wp\/v2\/pages\/2008\/revisions\/2365"}],"wp:attachment":[{"href":"https:\/\/erport.com.tr\/en\/wp-json\/wp\/v2\/media?parent=2008"}],"curies":[{"name":"wp","href":"https:\/\/api.w.org\/{rel}","templated":true}]}}