{"id":2048,"date":"2024-11-12T14:38:02","date_gmt":"2024-11-12T14:38:02","guid":{"rendered":"https:\/\/erport.com.tr\/?page_id=2048"},"modified":"2024-11-28T08:01:28","modified_gmt":"2024-11-28T08:01:28","slug":"kimya","status":"publish","type":"page","link":"https:\/\/erport.com.tr\/en\/kimya\/","title":{"rendered":"Chemistry"},"content":{"rendered":"<div data-elementor-type=\"wp-page\" data-elementor-id=\"2048\" class=\"elementor elementor-2048\">\n\t\t\t\t<div class=\"elementor-element elementor-element-c94dc3a e-flex e-con-boxed e-con e-parent\" data-id=\"c94dc3a\" data-element_type=\"container\" data-e-type=\"container\">\n\t\t\t\t\t<div class=\"e-con-inner\">\n\t\t<div class=\"elementor-element elementor-element-668099f e-con-full e-flex e-con e-child\" data-id=\"668099f\" data-element_type=\"container\" data-e-type=\"container\">\n\t\t\t\t<div class=\"elementor-element elementor-element-aaa55ae elementor-widget elementor-widget-text-editor\" data-id=\"aaa55ae\" data-element_type=\"widget\" data-e-type=\"widget\" data-widget_type=\"text-editor.default\">\n\t\t\t\t<div class=\"elementor-widget-container\">\n\t\t\t\t\t\t\t\t\t<p><strong>Storage Needs in the Chemical Industry:<\/strong> A Special Overview<br \/>The chemical industry has to be very meticulous about storage due to the special structure and intended use of the products produced. Since most chemicals have flammable, explosive, corrosive or toxic properties, it is of great importance that storage areas are designed and operated in accordance with these properties.<\/p><p><strong>Importance of Storage in Chemical Industry:<\/strong><\/p><p class=\"translation-block\"><strong>Safety:<\/strong> Improper storage can lead to serious accidents such as explosion, fire, poisoning.<br>Quality: Physical and chemical properties of chemicals may change according to storage conditions. Therefore, correct storage conditions must be provided to maintain product quality.<br><strong>Legal Compliance:<\/strong> There are many legal regulations regarding the production, storage and transportation of chemicals. Compliance with these regulations is vital for businesses.<br><strong>Logistics:<\/strong> Storage has an important role in the process of delivering chemicals from production facilities to customers.<br><strong>Storage Considerations in the Chemical Industry:<\/strong><\/p><p class=\"translation-block\"><strong>Material Safety Data Sheets (MSDS): The<\/strong> MSDS of each chemical should be carefully examined and storage conditions should be determined in accordance with this information.<br><strong>Compatibility:<\/strong> Storage of different chemicals together may cause dangerous reactions. Therefore, incompatible substances should be stored separately.<br><strong>Marking<\/strong>: Storage areas should be marked with signs giving information about the type, quantity and hazardous properties of chemicals<strong>.<\/strong><br><strong>Ventilation<\/strong>: Adequate ventilation should be provided in storage areas. Strong ventilation systems are required, especially for chemicals that vaporize or produce toxic gases.<br><strong>Fire Safety:<\/strong> Fire safety measures such as fire extinguishing systems and emergency exits should be taken.<br><strong>Lighting:<\/strong> Storage areas should have adequate lighting.<br>Temperature and Humidity Control: Some chemicals need to be stored within a certain temperature and humidity range.<br><strong>Access Control:<\/strong> Unauthorized persons should be prevented from entering storage areas.<\/p>\t\t\t\t\t\t\t\t<\/div>\n\t\t\t\t<\/div>\n\t\t\t\t<\/div>\n\t\t<div class=\"elementor-element elementor-element-8a77304 e-con-full e-flex e-con e-child\" data-id=\"8a77304\" data-element_type=\"container\" data-e-type=\"container\">\n\t\t\t\t<div class=\"elementor-element elementor-element-adb6b97 elementor-widget elementor-widget-image\" data-id=\"adb6b97\" data-element_type=\"widget\" data-e-type=\"widget\" data-widget_type=\"image.default\">\n\t\t\t\t<div class=\"elementor-widget-container\">\n\t\t\t\t\t\t\t\t\t\t\t\t\t\t\t<img fetchpriority=\"high\" decoding=\"async\" width=\"684\" height=\"1024\" src=\"https:\/\/erport.com.tr\/wp-content\/uploads\/2024\/11\/kimya-684x1024.jpg\" class=\"attachment-large size-large wp-image-2051\" alt=\"\" srcset=\"https:\/\/erport.com.tr\/wp-content\/uploads\/2024\/11\/kimya-684x1024.jpg 684w, https:\/\/erport.com.tr\/wp-content\/uploads\/2024\/11\/kimya-200x300.jpg 200w, https:\/\/erport.com.tr\/wp-content\/uploads\/2024\/11\/kimya-768x1151.jpg 768w, https:\/\/erport.com.tr\/wp-content\/uploads\/2024\/11\/kimya-1025x1536.jpg 1025w, https:\/\/erport.com.tr\/wp-content\/uploads\/2024\/11\/kimya-8x12.jpg 8w, https:\/\/erport.com.tr\/wp-content\/uploads\/2024\/11\/kimya.jpg 1080w\" sizes=\"(max-width: 684px) 100vw, 684px\" \/>\t\t\t\t\t\t\t\t\t\t\t\t\t\t\t<\/div>\n\t\t\t\t<\/div>\n\t\t\t\t<\/div>\n\t\t\t\t\t<\/div>\n\t\t\t\t<\/div>\n\t\t<div class=\"elementor-element elementor-element-6b188bc e-flex e-con-boxed e-con e-parent\" data-id=\"6b188bc\" data-element_type=\"container\" data-e-type=\"container\">\n\t\t\t\t\t<div class=\"e-con-inner\">\n\t\t<div class=\"elementor-element elementor-element-4d3edf2 e-con-full e-flex e-con e-child\" data-id=\"4d3edf2\" data-element_type=\"container\" data-e-type=\"container\">\n\t\t\t\t<div class=\"elementor-element elementor-element-8eb6087 elementor-widget elementor-widget-image\" data-id=\"8eb6087\" data-element_type=\"widget\" data-e-type=\"widget\" data-widget_type=\"image.default\">\n\t\t\t\t<div class=\"elementor-widget-container\">\n\t\t\t\t\t\t\t\t\t\t\t\t\t\t\t<img decoding=\"async\" width=\"1024\" height=\"683\" src=\"https:\/\/erport.com.tr\/wp-content\/uploads\/2024\/11\/kimya-2-1024x683.jpg\" class=\"attachment-large size-large wp-image-2052\" alt=\"\" srcset=\"https:\/\/erport.com.tr\/wp-content\/uploads\/2024\/11\/kimya-2-1024x683.jpg 1024w, https:\/\/erport.com.tr\/wp-content\/uploads\/2024\/11\/kimya-2-300x200.jpg 300w, https:\/\/erport.com.tr\/wp-content\/uploads\/2024\/11\/kimya-2-768x512.jpg 768w, https:\/\/erport.com.tr\/wp-content\/uploads\/2024\/11\/kimya-2-1536x1025.jpg 1536w, https:\/\/erport.com.tr\/wp-content\/uploads\/2024\/11\/kimya-2-18x12.jpg 18w, https:\/\/erport.com.tr\/wp-content\/uploads\/2024\/11\/kimya-2.jpg 1800w\" sizes=\"(max-width: 1024px) 100vw, 1024px\" \/>\t\t\t\t\t\t\t\t\t\t\t\t\t\t\t<\/div>\n\t\t\t\t<\/div>\n\t\t\t\t<\/div>\n\t\t<div class=\"elementor-element elementor-element-51bdf8e e-con-full e-flex e-con e-child\" data-id=\"51bdf8e\" data-element_type=\"container\" data-e-type=\"container\">\n\t\t\t\t<div class=\"elementor-element elementor-element-6b43add elementor-widget elementor-widget-text-editor\" data-id=\"6b43add\" data-element_type=\"widget\" data-e-type=\"widget\" data-widget_type=\"text-editor.default\">\n\t\t\t\t<div class=\"elementor-widget-container\">\n\t\t\t\t\t\t\t\t\t<p><strong>Storage Solutions in Chemical Industry:<\/strong><\/p><p class=\"translation-block\"><strong>Special Storage Tanks:<\/strong> Tanks specially designed for liquid chemicals.<br><strong>Racking Systems:<\/strong> Used for storing solid chemicals in an organized manner.<br><strong>Safety Cabinets:<\/strong> Special cabinets used for storing flammable and explosive materials.<br><strong>Fire Prevention Systems:<\/strong> Automatic fire extinguishing systems, such as sprinkler systems.<br><strong>Ventilation Systems:<\/strong> Systems that improve air quality in storage areas.<\/p><p>Storage in the chemical industry is of great importance for both businesses and the environment. Proper storage practices contribute to preventing occupational accidents, maintaining product quality and ensuring legal compliance<\/p>\t\t\t\t\t\t\t\t<\/div>\n\t\t\t\t<\/div>\n\t\t\t\t<\/div>\n\t\t\t\t\t<\/div>\n\t\t\t\t<\/div>\n\t\t\t\t<\/div>","protected":false},"excerpt":{"rendered":"<p>Kimya Sekt\u00f6r\u00fcnde Depolama \u0130htiyac\u0131: \u00d6zel Bir Bak\u0131\u015fKimya sekt\u00f6r\u00fc, \u00fcretilen \u00fcr\u00fcnlerin \u00f6zel yap\u0131s\u0131 ve kullan\u0131m ama\u00e7lar\u0131 nedeniyle depolama konusunda olduk\u00e7a titiz davranmak zorundad\u0131r. Kimyasallar\u0131n \u00e7o\u011fu, yan\u0131c\u0131, patlay\u0131c\u0131, a\u015f\u0131nd\u0131r\u0131c\u0131 veya toksik \u00f6zelliklere sahip oldu\u011fu i\u00e7in, depolama alanlar\u0131n\u0131n bu \u00f6zelliklere uygun olarak tasarlanmas\u0131 ve i\u015fletilmesi b\u00fcy\u00fck \u00f6nem ta\u015f\u0131r. Kimya Sekt\u00f6r\u00fcnde Depolaman\u0131n \u00d6nemi: G\u00fcvenlik: Yanl\u0131\u015f depolama, patlama, yang\u0131n, zehirlenme [&hellip;]<\/p>\n","protected":false},"author":1,"featured_media":0,"parent":0,"menu_order":0,"comment_status":"closed","ping_status":"closed","template":"","meta":{"footnotes":""},"class_list":["post-2048","page","type-page","status-publish","hentry"],"blocksy_meta":[],"_links":{"self":[{"href":"https:\/\/erport.com.tr\/en\/wp-json\/wp\/v2\/pages\/2048","targetHints":{"allow":["GET"]}}],"collection":[{"href":"https:\/\/erport.com.tr\/en\/wp-json\/wp\/v2\/pages"}],"about":[{"href":"https:\/\/erport.com.tr\/en\/wp-json\/wp\/v2\/types\/page"}],"author":[{"embeddable":true,"href":"https:\/\/erport.com.tr\/en\/wp-json\/wp\/v2\/users\/1"}],"replies":[{"embeddable":true,"href":"https:\/\/erport.com.tr\/en\/wp-json\/wp\/v2\/comments?post=2048"}],"version-history":[{"count":10,"href":"https:\/\/erport.com.tr\/en\/wp-json\/wp\/v2\/pages\/2048\/revisions"}],"predecessor-version":[{"id":2394,"href":"https:\/\/erport.com.tr\/en\/wp-json\/wp\/v2\/pages\/2048\/revisions\/2394"}],"wp:attachment":[{"href":"https:\/\/erport.com.tr\/en\/wp-json\/wp\/v2\/media?parent=2048"}],"curies":[{"name":"wp","href":"https:\/\/api.w.org\/{rel}","templated":true}]}}