{"id":2065,"date":"2024-11-12T15:02:46","date_gmt":"2024-11-12T15:02:46","guid":{"rendered":"https:\/\/erport.com.tr\/?page_id=2065"},"modified":"2024-12-02T09:32:03","modified_gmt":"2024-12-02T09:32:03","slug":"sorumluluklarimiz","status":"publish","type":"page","link":"https:\/\/erport.com.tr\/en\/sorumluluklarimiz\/","title":{"rendered":"Our Responsibilities"},"content":{"rendered":"<div data-elementor-type=\"wp-page\" data-elementor-id=\"2065\" class=\"elementor elementor-2065\">\n\t\t\t\t<div class=\"elementor-element elementor-element-5890e07 e-flex e-con-boxed e-con e-parent\" data-id=\"5890e07\" data-element_type=\"container\" data-e-type=\"container\">\n\t\t\t\t\t<div class=\"e-con-inner\">\n\t\t<div class=\"elementor-element elementor-element-d0726e7 e-con-full e-flex e-con e-child\" data-id=\"d0726e7\" data-element_type=\"container\" data-e-type=\"container\">\n\t\t\t\t<div class=\"elementor-element elementor-element-db130db elementor-widget elementor-widget-image\" data-id=\"db130db\" data-element_type=\"widget\" data-e-type=\"widget\" data-widget_type=\"image.default\">\n\t\t\t\t<div class=\"elementor-widget-container\">\n\t\t\t\t\t\t\t\t\t\t\t\t\t\t\t<img fetchpriority=\"high\" decoding=\"async\" width=\"1674\" height=\"1080\" src=\"https:\/\/erport.com.tr\/wp-content\/uploads\/2024\/11\/sorumluluklarimiz.jpg\" class=\"attachment-full size-full wp-image-2272\" alt=\"\" srcset=\"https:\/\/erport.com.tr\/wp-content\/uploads\/2024\/11\/sorumluluklarimiz.jpg 1674w, https:\/\/erport.com.tr\/wp-content\/uploads\/2024\/11\/sorumluluklarimiz-300x194.jpg 300w, https:\/\/erport.com.tr\/wp-content\/uploads\/2024\/11\/sorumluluklarimiz-1024x661.jpg 1024w, https:\/\/erport.com.tr\/wp-content\/uploads\/2024\/11\/sorumluluklarimiz-768x495.jpg 768w, https:\/\/erport.com.tr\/wp-content\/uploads\/2024\/11\/sorumluluklarimiz-1536x991.jpg 1536w, https:\/\/erport.com.tr\/wp-content\/uploads\/2024\/11\/sorumluluklarimiz-18x12.jpg 18w\" sizes=\"(max-width: 1674px) 100vw, 1674px\" \/>\t\t\t\t\t\t\t\t\t\t\t\t\t\t\t<\/div>\n\t\t\t\t<\/div>\n\t\t\t\t<\/div>\n\t\t<div class=\"elementor-element elementor-element-0ced910 e-con-full e-flex e-con e-child\" data-id=\"0ced910\" data-element_type=\"container\" data-e-type=\"container\">\n\t\t\t\t<div class=\"elementor-element elementor-element-3bf7bc6 elementor-widget elementor-widget-text-editor\" data-id=\"3bf7bc6\" data-element_type=\"widget\" data-e-type=\"widget\" data-widget_type=\"text-editor.default\">\n\t\t\t\t<div class=\"elementor-widget-container\">\n\t\t\t\t\t\t\t\t\t<p class=\"translation-block\"><strong>Safe Transportation:<\/strong> It is the most fundamental responsibility of our company to deliver the transported products to the delivery point without any damage.<\/p><p class=\"translation-block\"><strong>Timely Delivery:<\/strong> The products must be delivered to our customer in accordance with the delivery time specified in the contract with our customer.<\/p><p class=\"translation-block\"><strong>Tracking and Informing:<\/strong> Necessary systems have been established to inform our customers at every stage of the transportation process and to track the shipment.<\/p><p class=\"translation-block\"><strong>Customs Transactions<\/strong>: In international transportation, it is important that customs procedures are carried out correctly and on time so that the shipment is not delayed. As Erport Logistics, we are at your side in your customs processes thanks to our expert staff in these processes.<\/p><p class=\"translation-block\"><strong>Storage:<\/strong> Storing your products in a safe and protected manner during the storage process.<\/p><p class=\"translation-block\"><strong>Insurance:<\/strong> Insuring products against loss or damage that may occur during transportation and minimizing risks.<\/p>\t\t\t\t\t\t\t\t<\/div>\n\t\t\t\t<\/div>\n\t\t\t\t<\/div>\n\t\t\t\t\t<\/div>\n\t\t\t\t<\/div>\n\t\t<div class=\"elementor-element elementor-element-0843f77 e-flex e-con-boxed e-con e-parent\" data-id=\"0843f77\" data-element_type=\"container\" data-e-type=\"container\">\n\t\t\t\t\t<div class=\"e-con-inner\">\n\t\t\t\t\t<\/div>\n\t\t\t\t<\/div>\n\t\t\t\t<\/div>","protected":false},"excerpt":{"rendered":"<p>G\u00fcvenli Ta\u015f\u0131ma: Ta\u015f\u0131nan \u00fcr\u00fcnlerin teslimat noktas\u0131na herhangi bir hasar g\u00f6rmeden ula\u015ft\u0131r\u0131lmas\u0131 \u015firketimizin en temel sorumlulu\u011fudur. Zaman\u0131nda Teslimat: M\u00fc\u015fterimiz ile yap\u0131lan s\u00f6zle\u015fmede belirtilen teslimat s\u00fcresine uygun olarak, \u00fcr\u00fcnlerin m\u00fc\u015fterimize ula\u015ft\u0131r\u0131lmas\u0131 gerekmektedir. Takip ve Bilgilendirme: Ta\u015f\u0131ma s\u00fcrecinin her a\u015famas\u0131nda m\u00fc\u015fterimize bilgi verilmesi ve g\u00f6nderinin takibi i\u00e7in gerekli sistemler kurulmu\u015ftur. G\u00fcmr\u00fck \u0130\u015flemleri: Uluslararas\u0131 ta\u015f\u0131malarda g\u00fcmr\u00fck i\u015flemlerinin do\u011fru ve [&hellip;]<\/p>\n","protected":false},"author":1,"featured_media":0,"parent":0,"menu_order":0,"comment_status":"closed","ping_status":"closed","template":"","meta":{"footnotes":""},"class_list":["post-2065","page","type-page","status-publish","hentry"],"blocksy_meta":[],"_links":{"self":[{"href":"https:\/\/erport.com.tr\/en\/wp-json\/wp\/v2\/pages\/2065","targetHints":{"allow":["GET"]}}],"collection":[{"href":"https:\/\/erport.com.tr\/en\/wp-json\/wp\/v2\/pages"}],"about":[{"href":"https:\/\/erport.com.tr\/en\/wp-json\/wp\/v2\/types\/page"}],"author":[{"embeddable":true,"href":"https:\/\/erport.com.tr\/en\/wp-json\/wp\/v2\/users\/1"}],"replies":[{"embeddable":true,"href":"https:\/\/erport.com.tr\/en\/wp-json\/wp\/v2\/comments?post=2065"}],"version-history":[{"count":13,"href":"https:\/\/erport.com.tr\/en\/wp-json\/wp\/v2\/pages\/2065\/revisions"}],"predecessor-version":[{"id":2412,"href":"https:\/\/erport.com.tr\/en\/wp-json\/wp\/v2\/pages\/2065\/revisions\/2412"}],"wp:attachment":[{"href":"https:\/\/erport.com.tr\/en\/wp-json\/wp\/v2\/media?parent=2065"}],"curies":[{"name":"wp","href":"https:\/\/api.w.org\/{rel}","templated":true}]}}